{"id":1225,"date":"2021-08-29T15:51:37","date_gmt":"2021-08-29T13:51:37","guid":{"rendered":"https:\/\/peter-moersel.de\/?page_id=1225"},"modified":"2024-11-17T18:13:00","modified_gmt":"2024-11-17T17:13:00","slug":"m1","status":"publish","type":"page","link":"https:\/\/peter-moersel.de\/?page_id=1225","title":{"rendered":"ICH BIN"},"content":{"rendered":"\n<p>Dokumente von ICH BIN<\/p>\n\n\n\n<p>Es gelten die <a href=\"https:\/\/peter-moersel.de\/AGB.pdf\" data-type=\"URL\" data-id=\"https:\/\/petermoersel.de\/AGB.pdf\" target=\"_blank\" rel=\"noreferrer noopener\">AGB\/GO<\/a><\/p>\n\n\n\n<p><span style=\"color: #800000;\">Diese Ver\u00f6ffentlichung steht unter Urheberrecht\/Copyright. \u00a9<\/span><\/p>\n\n\n\n<p><strong>Urkunden &amp; Dokumente<\/strong><\/p>\n\n\n\n<p><strong>Continuation of section 4 collateral<\/strong><\/p>\n\n\n\n<p><strong>This FINANCING STATEMENT \u2013 \u00c4quivalent covers the following collateral:<\/strong><\/p>\n\n\n\n<p>Auftraggeber, Vertreter und beg\u00fcnstigte der Sklavensysteme, einschlie\u00dflich aller universellen, internationalen, nationalen und staatlichen \u00c4quivalente, durch die Hauptagent-Doktrin bewahrt und garantiert durch die \u00f6ffentliche Ordnung UCC 1-103 Common Law-Recht davon garantiert, die \u00f6ffentliche Ordnung UCC 1-305<\/p>\n\n\n\n<p>Document, reference, no.    (Ausz\u00fcge)<\/p>\n\n\n\n<p><strong>Urkunde 1.<\/strong> DEKLARATION DES WILLENS UND DES WORTES VON ICH BIN <br><a href=\"https:\/\/peter-moersel.de\/assets\/svpmdocs\/web\/1_IB-pkwm-03141953_Scan_(S_1).pdf\"><strong>IB-pkwm-03141953<\/strong><\/a><\/p>\n\n\n\n<p><strong>Urkunde 2<\/strong>. DEKLARATION DER ORIGINALEN HINTERLEGUNGSSTELLE<br>UND EINLAGE VON ICH BIN <br><a href=\"https:\/\/peter-moersel.de\/assets\/svpmdocs\/web\/2_DOHE-IB-pkwm-03141953_Scan_(S_1).pdf\"><strong>DOHE-IB-pkwm-03141953<\/strong><\/a><\/p>\n\n\n\n<p><strong>Urkunde 3.<\/strong><\/p>\n\n\n\n<p><strong>Urkunde 4.<\/strong> DEKLARATION DES EMPFANGS DURCH ICH BIN <br><a href=\"https:\/\/peter-moersel.de\/assets\/svpmdocs\/web\/4_DE-IB-pkwm-03141953_Scan_(S_1).pdf\"><strong>DE-IB-pkwm-03141953<\/strong><\/a><\/p>\n\n\n\n<p><strong>Urkunde 5.<\/strong> DEKLARATION ZU TITELN, ANSPR\u00dcCHEN, <br>RECHTSANGELEGENHEITEN <br><a href=\"https:\/\/peter-moersel.de\/assets\/svpmdocs\/web\/5_DTAR-IB-pkwm-03141953_Scan_(S_1).pdf\"><strong>DTAR-IB-pkwm-03141953<\/strong><\/a><\/p>\n\n\n\n<p><strong>Urkunde 6.<\/strong> DEKLARATION DES NAMENS-COPYRIGHTS <br><strong><a href=\"https:\/\/peter-moersel.de\/assets\/svpmdocs\/web\/6_NC-IB-pkwm-03141953_Scan_(S_1).pdf\" data-type=\"URL\" data-id=\"https:\/\/peter-moersel.de\/assets\/svpmdocs\/web\/6_NC-IB-pkwm-03141953_Scan_(S_1).pdf\">NC-IB-pkwm-03141953<\/a><\/strong><\/p>\n\n\n\n<p><strong>Urkunde 7.<\/strong> DEKLARATION ZUR SOUVER\u00c4NIT\u00c4T UND <br>POWER OF ATTORNEY <br><a href=\"https:\/\/peter-moersel.de\/assets\/svpmdocs\/web\/7_DSPA-IB-pkwm-03141953_Scan_(S_1).pdf\"><strong>DSPA-IB-pkwm-03141953<\/strong><\/a><\/p>\n\n\n\n<p><strong>Urkunde 8.<\/strong> DEKLARATION DES POLITISCHEN STATUS <br><a href=\"https:\/\/peter-moersel.de\/assets\/svpmdocs\/web\/8_DPS-IB-pkwm-03141953_Scan_(S_1).pdf\"><strong>DPS-IB-pkwm-03141953<\/strong><\/a><\/p>\n\n\n\n<p><strong>Urkunde 9.<\/strong> DEKLARATION DER LEBENDGEBURT <br><a href=\"https:\/\/peter-moersel.de\/assets\/svpmdocs\/web\/9_DLG-IB-pkwm-03141953_Scan_(S_1).pdf\"><strong>DLG-IB-pkwm-03141953<\/strong><\/a><\/p>\n\n\n\n<p><strong>Urkunde 10.<\/strong> DEKLARATION ZUR BEGLAUBIGUNG VON URKUNDEN <br><a href=\"https:\/\/peter-moersel.de\/assets\/svpmdocs\/web\/10_DBU-IB-pkwm-03141953_Scan_(S_1).pdf\"><strong>DBU-IB-pkwm-03141953<\/strong><\/a><\/p>\n\n\n\n<p><strong>Urkunde 11.<\/strong> DEKLARATION ZU JURISDIKTION, FRIEDEN, VERFASSUNG <br><a href=\"https:\/\/peter-moersel.de\/assets\/svpmdocs\/web\/11_DJFVD-IB-pkwm-03141953_Scan_(S_1).pdf\"><strong>DJFV-IB-pkwm-03141953<\/strong><\/a><\/p>\n\n\n\n<p><strong>Urkunde 12.<\/strong> ZEUGENTESTAT F\u00dcR Peter M \u00f6 r s e l <br><strong>ZT-IB-pkwm-03141953<\/strong><\/p>\n\n\n\n<p>Vertrag <a href=\"https:\/\/peter-moersel.de\/assets\/svpmdocs\/web\/13_PKWM-03141953-PV_Scan_(S_1).pdf\">PRIVATVEREINBARUNG \u2013 PRIVATE AGREEMENT<\/a><\/p>\n\n\n\n<p>Vertrag <a href=\"https:\/\/peter-moersel.de\/assets\/svpmdocs\/web\/Privates_Sicherungsabkommen-kurz_(S_1).pdf\">SICHERUNGSABKOMMEN \u2013 SECURITY AGREEMENT<\/a><\/p>\n\n\n\n<p>Vertrag VEREINBARUNG ZU SCHADLOSHALTUNG UND SCHADENERSATZ &#8211; HARMLESS AND INDEMNITY AGREEMENT <br><a href=\"https:\/\/peter-moersel.de\/assets\/svpmdocs\/web\/15_PKWM-03141971-VSHS_Scan_(S_1).pdf\"><strong>PKWM-03141971-VSHS<\/strong><\/a><\/p>\n\n\n\n<p>&nbsp;<\/p>\n\n\n\n<p>Bei <span style=\"text-decoration: underline;\"><strong>nachweislich<\/strong><\/span> berechtigtem Interesse, nur nach<span style=\"text-decoration: underline;\"><strong> schriftlichen<\/strong><\/span> Antrag einzusehen.<\/p>\n\n\n\n<p>:p e t e r<\/p>\n\n\n\n<p><\/p>\n","protected":false},"excerpt":{"rendered":"<p class=\"mb-2\">Dokumente von ICH BIN Es gelten die AGB\/GO Diese Ver\u00f6ffentlichung steht unter Urheberrecht\/Copyright. \u00a9 Urkunden &amp; Dokumente Continuation of section 4 collateral This FINANCING STATEMENT \u2013 \u00c4quivalent covers the following collateral: Auftraggeber, Vertreter und beg\u00fcnstigte der Sklavensysteme, einschlie\u00dflich aller universellen, internationalen, nationalen und staatlichen \u00c4quivalente, durch die Hauptagent-Doktrin bewahrt und garantiert durch die \u00f6ffentliche Ordnung [&hellip;]<\/p>\n","protected":false},"author":1,"featured_media":0,"parent":1133,"menu_order":2,"comment_status":"closed","ping_status":"closed","template":"","meta":{"footnotes":""},"class_list":["post-1225","page","type-page","status-publish","hentry"],"_links":{"self":[{"href":"https:\/\/peter-moersel.de\/index.php?rest_route=\/wp\/v2\/pages\/1225","targetHints":{"allow":["GET"]}}],"collection":[{"href":"https:\/\/peter-moersel.de\/index.php?rest_route=\/wp\/v2\/pages"}],"about":[{"href":"https:\/\/peter-moersel.de\/index.php?rest_route=\/wp\/v2\/types\/page"}],"author":[{"embeddable":true,"href":"https:\/\/peter-moersel.de\/index.php?rest_route=\/wp\/v2\/users\/1"}],"replies":[{"embeddable":true,"href":"https:\/\/peter-moersel.de\/index.php?rest_route=%2Fwp%2Fv2%2Fcomments&post=1225"}],"version-history":[{"count":10,"href":"https:\/\/peter-moersel.de\/index.php?rest_route=\/wp\/v2\/pages\/1225\/revisions"}],"predecessor-version":[{"id":2661,"href":"https:\/\/peter-moersel.de\/index.php?rest_route=\/wp\/v2\/pages\/1225\/revisions\/2661"}],"up":[{"embeddable":true,"href":"https:\/\/peter-moersel.de\/index.php?rest_route=\/wp\/v2\/pages\/1133"}],"wp:attachment":[{"href":"https:\/\/peter-moersel.de\/index.php?rest_route=%2Fwp%2Fv2%2Fmedia&parent=1225"}],"curies":[{"name":"wp","href":"https:\/\/api.w.org\/{rel}","templated":true}]}}